{"id":109,"date":"2022-02-14T11:32:58","date_gmt":"2022-02-14T10:32:58","guid":{"rendered":"https:\/\/www.le-lido.com\/?page_id=109"},"modified":"2022-02-14T14:14:53","modified_gmt":"2022-02-14T13:14:53","slug":"mentions-legales","status":"publish","type":"page","link":"https:\/\/www.le-lido.com\/en\/mentions-legales\/","title":{"rendered":"Legal Notice"},"content":{"rendered":"<h4 class=\"wp-block-heading\" id=\"article-1-objet\">Article 1: object<\/h4>\n\n\n\n<p>These T&amp;Cs or General Conditions of Use provide a legal framework for the use of the services of the Hotel Restaurant Le Lido Propriano site (hereinafter referred to as &quot;the site&quot;).<\/p>\n\n\n\n<p>Constituting the contract between the company LE LIDO, the User, access to the site must be preceded by the acceptance of these T&amp;Cs. Access to this platform signifies acceptance of these T&amp;Cs.<\/p>\n\n\n\n<h4 class=\"wp-block-heading\" id=\"article-2-acces-au-site\">Article 2: Access to the site<\/h4>\n\n\n\n<p>The site is accessible free of charge from anywhere by any user with Internet access. All costs necessary for access to the services (computer equipment, Internet connection, etc.) are the responsibility of the user.<\/p>\n\n\n\n<p>Access to services dedicated to members is via a username and password.<\/p>\n\n\n\n<p>For maintenance or other reasons, access to the site may be interrupted or suspended by the publisher without notice or justification.<\/p>\n\n\n\n<h4 class=\"wp-block-heading\" id=\"article-4-collecte-des-donnees\">Article 4: Data collection<\/h4>\n\n\n\n<p>For the creation of the User&#039;s account, the collection of information at the time of registration on the site is necessary and mandatory. In accordance with law n\u00b078-17 of January 6 relating to data processing, files and freedoms, the collection and processing of personal information is carried out with respect for privacy.<\/p>\n\n\n\n<p>According to the Data Protection Act dated January 6, 1978, articles 39 and 40, the User has the right to access, rectify, delete and oppose his personal data. This right can be exercised from the Contact Us page of this site.<\/p>\n\n\n\n<h4 class=\"wp-block-heading\" id=\"article-5-propriete-intellectuelle\">Article 5: Intellectual property<\/h4>\n\n\n\n<p>The brands, logos as well as the contents of the site (graphic illustrations, texts, etc.) are protected by the Intellectual Property Code and by copyright.<\/p>\n\n\n\n<p>The reproduction and copying of content by the User requires prior authorization from the site. In this case, any use for commercial purposes or for advertising purposes is prohibited.<\/p>\n\n\n\n<h4 class=\"wp-block-heading\" id=\"article-6-responsabilite\">Article 6: Liability<\/h4>\n\n\n\n<p>Although the information published on the site is deemed reliable, the site reserves the right to not guarantee the reliability of the sources.<\/p>\n\n\n\n<p>The information disseminated on the site is presented for informational purposes only and has no contractual value. Despite regular updates, the site cannot be held liable in the event of changes to the administrative and legal provisions appearing after publication. The same applies to the use and interpretation of the information communicated on the platform.<\/p>\n\n\n\n<p>The site declines all responsibility for any viruses that may infect the User&#039;s computer equipment after using or accessing this site.<\/p>\n\n\n\n<p>The site cannot be held responsible in the event of force majeure or the unforeseeable and insurmountable act of a third party.<\/p>\n\n\n\n<p>The total guarantee of security and confidentiality of data is not provided by the site. However, the site undertakes to implement all the methods required to do so at best.<\/p>\n\n\n\n<h4 class=\"wp-block-heading\" id=\"article-7-liens-hypertextes\">Article 7: Hypertext links<\/h4>\n\n\n\n<p>The site may consist of hypertext links. By clicking on these, the User will leave the platform. The latter has no control and cannot be held responsible for the content of the web pages relating to these links.<\/p>\n\n\n\n<h4 class=\"wp-block-heading\" id=\"article-8-cookies\">Section 8: Cookies<\/h4>\n\n\n\n<p>During visits to the site, the automatic installation of a cookie on the User&#039;s navigation software may occur.<\/p>\n\n\n\n<p>Cookies correspond to small files temporarily stored on the hard drive of the User&#039;s computer. These cookies are necessary to ensure accessibility and navigation on the site. These files do not contain personal information and cannot be used to identify a person.<\/p>\n\n\n\n<p>The information present in the cookies is used to improve navigation performance on the site.<\/p>\n\n\n\n<p>By browsing the site, the User accepts cookies. Their deactivation can be done via the parameters of the navigation software.<\/p>\n\n\n\n<h4 class=\"wp-block-heading\" id=\"article-9-publication-par-l-utilisateur\">Article 9: Publication by the User<\/h4>\n\n\n\n<p>The site allows members to post comments.<\/p>\n\n\n\n<p>The site has the right to exercise a priori moderation on the publications and may refuse to put them online without having to provide any justification.<\/p>\n\n\n\n<p>The member retains all of his intellectual property rights. However, any publication on the site implies the delegation of the non-exclusive and free right to the publishing company to represent, reproduce, modify, adapt, distribute and distribute the publication anywhere and on any medium for the duration of the intellectual property. This can be done directly or through an authorized third party. This applies in particular to the right to use the publication on the web and on mobile telephone networks.<\/p>\n\n\n\n<p>At each use, the publisher undertakes to mention the name of the member near the publication.<\/p>\n\n\n\n<p>The User is held responsible for any content he puts online. The User undertakes not to publish content likely to harm the interests of third parties. All legal proceedings initiated by an injured third party against the site must be borne by the User.<\/p>\n\n\n\n<p>The deletion or modification by the site of the User&#039;s content may be carried out at any time, for any reason and without notice.<\/p>\n\n\n\n<h4 class=\"wp-block-heading\" id=\"article-11-duree-du-contrat\">Article 11: Duration of the contract<\/h4>\n\n\n\n<p>This contract is valid for an indefinite period. The beginning of the use of the services of the site marks the application of the contract with regard to the User.<\/p>\n\n\n\n<h4 class=\"wp-block-heading\" id=\"article-12-droit-applicable-et-juridiction-competente\">Article 12: Applicable law and competent jurisdiction<\/h4>\n\n\n\n<p>This contract is subject to French law. The absence of amicable resolution of cases of dispute between the parties implies recourse to the competent French courts to settle the dispute.<\/p>","protected":false},"excerpt":{"rendered":"<p>Article 1: Purpose These T&amp;Cs or General Conditions of Use provide a legal framework for the use of the services of the Hotel Restaurant Le Lido Propriano site (hereinafter referred to as &quot;the site&quot;). Constituting the contract between the company LE LIDO, the User, access to the site must be preceded by the acceptance of these T&amp;Cs. Access to this platform signifies acceptance of these [\u2026]<\/p>","protected":false},"author":1,"featured_media":0,"parent":0,"menu_order":0,"comment_status":"closed","ping_status":"closed","template":"","meta":{"footnotes":""},"class_list":["post-109","page","type-page","status-publish","hentry"],"acf":[],"yoast_head":"<!-- This site is optimized with the Yoast SEO plugin v20.13 - https:\/\/yoast.com\/wordpress\/plugins\/seo\/ -->\n<title>Mentions l\u00e9gales - Le Lido, h\u00f4tel et restaurant \u00e0 Propriano<\/title>\n<meta name=\"robots\" content=\"index, follow, max-snippet:-1, max-image-preview:large, max-video-preview:-1\" \/>\n<link rel=\"canonical\" href=\"https:\/\/www.le-lido.com\/en\/mentions-legales\/\" \/>\n<meta property=\"og:locale\" content=\"en_US\" \/>\n<meta property=\"og:type\" content=\"article\" \/>\n<meta property=\"og:title\" content=\"Mentions l\u00e9gales - Le Lido, h\u00f4tel et restaurant \u00e0 Propriano\" \/>\n<meta property=\"og:description\" content=\"Article 1 : Objet Les pr\u00e9sentes CGU ou Conditions G\u00e9n\u00e9rales d\u2019Utilisation encadrent juridiquement l\u2019utilisation des services du site\u00a0H\u00f4tel Restaurant Le Lido Propriano (ci-apr\u00e8s d\u00e9nomm\u00e9 \u00ab le site \u00bb). Constituant le contrat entre la soci\u00e9t\u00e9\u00a0LE LIDO, l\u2019Utilisateur, l\u2019acc\u00e8s au site doit \u00eatre pr\u00e9c\u00e9d\u00e9 de l\u2019acceptation de ces CGU. L\u2019acc\u00e8s \u00e0 cette plateforme signifie l\u2019acceptation des pr\u00e9sentes [&hellip;]\" \/>\n<meta property=\"og:url\" content=\"https:\/\/www.le-lido.com\/en\/mentions-legales\/\" \/>\n<meta property=\"og:site_name\" content=\"Le Lido, h\u00f4tel et restaurant \u00e0 Propriano\" \/>\n<meta property=\"article:modified_time\" content=\"2022-02-14T13:14:53+00:00\" \/>\n<meta name=\"twitter:card\" content=\"summary_large_image\" \/>\n<meta name=\"twitter:label1\" content=\"Est. reading time\" \/>\n\t<meta name=\"twitter:data1\" content=\"5 minutes\" \/>\n<script type=\"application\/ld+json\" class=\"yoast-schema-graph\">{\"@context\":\"https:\/\/schema.org\",\"@graph\":[{\"@type\":\"WebPage\",\"@id\":\"https:\/\/www.le-lido.com\/mentions-legales\/\",\"url\":\"https:\/\/www.le-lido.com\/mentions-legales\/\",\"name\":\"Mentions l\u00e9gales - Le Lido, h\u00f4tel et restaurant \u00e0 Propriano\",\"isPartOf\":{\"@id\":\"https:\/\/www.le-lido.com\/#website\"},\"datePublished\":\"2022-02-14T10:32:58+00:00\",\"dateModified\":\"2022-02-14T13:14:53+00:00\",\"breadcrumb\":{\"@id\":\"https:\/\/www.le-lido.com\/mentions-legales\/#breadcrumb\"},\"inLanguage\":\"en-US\",\"potentialAction\":[{\"@type\":\"ReadAction\",\"target\":[\"https:\/\/www.le-lido.com\/mentions-legales\/\"]}]},{\"@type\":\"BreadcrumbList\",\"@id\":\"https:\/\/www.le-lido.com\/mentions-legales\/#breadcrumb\",\"itemListElement\":[{\"@type\":\"ListItem\",\"position\":1,\"name\":\"Accueil\",\"item\":\"https:\/\/www.le-lido.com\/\"},{\"@type\":\"ListItem\",\"position\":2,\"name\":\"Mentions l\u00e9gales\"}]},{\"@type\":\"WebSite\",\"@id\":\"https:\/\/www.le-lido.com\/#website\",\"url\":\"https:\/\/www.le-lido.com\/\",\"name\":\"Le Lido, h\u00f4tel et restaurant \u00e0 Propriano\",\"description\":\"Le Lido, h\u00f4tel-restaurant \u00e0 Propriano, est un \u00e9tablissement unique, un v\u00e9ritable rocher sur la mer, un lieu vivant avec une histoire riche et un caract\u00e8re fort\",\"publisher\":{\"@id\":\"https:\/\/www.le-lido.com\/#organization\"},\"potentialAction\":[{\"@type\":\"SearchAction\",\"target\":{\"@type\":\"EntryPoint\",\"urlTemplate\":\"https:\/\/www.le-lido.com\/?s={search_term_string}\"},\"query-input\":\"required name=search_term_string\"}],\"inLanguage\":\"en-US\"},{\"@type\":\"Organization\",\"@id\":\"https:\/\/www.le-lido.com\/#organization\",\"name\":\"Le Lido, h\u00f4tel et restaurant \u00e0 Propriano\",\"url\":\"https:\/\/www.le-lido.com\/\",\"logo\":{\"@type\":\"ImageObject\",\"inLanguage\":\"en-US\",\"@id\":\"https:\/\/www.le-lido.com\/#\/schema\/logo\/image\/\",\"url\":\"https:\/\/www.le-lido.com\/wp-content\/uploads\/2022\/02\/Plan-de-travail-1-100.jpg\",\"contentUrl\":\"https:\/\/www.le-lido.com\/wp-content\/uploads\/2022\/02\/Plan-de-travail-1-100.jpg\",\"width\":1500,\"height\":1500,\"caption\":\"Le Lido, h\u00f4tel et restaurant \u00e0 Propriano\"},\"image\":{\"@id\":\"https:\/\/www.le-lido.com\/#\/schema\/logo\/image\/\"}}]}<\/script>\n<!-- \/ Yoast SEO plugin. -->","yoast_head_json":{"title":"Mentions l\u00e9gales - Le Lido, h\u00f4tel et restaurant \u00e0 Propriano","robots":{"index":"index","follow":"follow","max-snippet":"max-snippet:-1","max-image-preview":"max-image-preview:large","max-video-preview":"max-video-preview:-1"},"canonical":"https:\/\/www.le-lido.com\/en\/mentions-legales\/","og_locale":"en_US","og_type":"article","og_title":"Mentions l\u00e9gales - Le Lido, h\u00f4tel et restaurant \u00e0 Propriano","og_description":"Article 1 : Objet Les pr\u00e9sentes CGU ou Conditions G\u00e9n\u00e9rales d\u2019Utilisation encadrent juridiquement l\u2019utilisation des services du site\u00a0H\u00f4tel Restaurant Le Lido Propriano (ci-apr\u00e8s d\u00e9nomm\u00e9 \u00ab le site \u00bb). Constituant le contrat entre la soci\u00e9t\u00e9\u00a0LE LIDO, l\u2019Utilisateur, l\u2019acc\u00e8s au site doit \u00eatre pr\u00e9c\u00e9d\u00e9 de l\u2019acceptation de ces CGU. L\u2019acc\u00e8s \u00e0 cette plateforme signifie l\u2019acceptation des pr\u00e9sentes [&hellip;]","og_url":"https:\/\/www.le-lido.com\/en\/mentions-legales\/","og_site_name":"Le Lido, h\u00f4tel et restaurant \u00e0 Propriano","article_modified_time":"2022-02-14T13:14:53+00:00","twitter_card":"summary_large_image","twitter_misc":{"Est. reading time":"5 minutes"},"schema":{"@context":"https:\/\/schema.org","@graph":[{"@type":"WebPage","@id":"https:\/\/www.le-lido.com\/mentions-legales\/","url":"https:\/\/www.le-lido.com\/mentions-legales\/","name":"Mentions l\u00e9gales - Le Lido, h\u00f4tel et restaurant \u00e0 Propriano","isPartOf":{"@id":"https:\/\/www.le-lido.com\/#website"},"datePublished":"2022-02-14T10:32:58+00:00","dateModified":"2022-02-14T13:14:53+00:00","breadcrumb":{"@id":"https:\/\/www.le-lido.com\/mentions-legales\/#breadcrumb"},"inLanguage":"en-US","potentialAction":[{"@type":"ReadAction","target":["https:\/\/www.le-lido.com\/mentions-legales\/"]}]},{"@type":"BreadcrumbList","@id":"https:\/\/www.le-lido.com\/mentions-legales\/#breadcrumb","itemListElement":[{"@type":"ListItem","position":1,"name":"Accueil","item":"https:\/\/www.le-lido.com\/"},{"@type":"ListItem","position":2,"name":"Mentions l\u00e9gales"}]},{"@type":"WebSite","@id":"https:\/\/www.le-lido.com\/#website","url":"https:\/\/www.le-lido.com\/","name":"Le Lido, h\u00f4tel et restaurant \u00e0 Propriano","description":"Le Lido, h\u00f4tel-restaurant \u00e0 Propriano, est un \u00e9tablissement unique, un v\u00e9ritable rocher sur la mer, un lieu vivant avec une histoire riche et un caract\u00e8re fort","publisher":{"@id":"https:\/\/www.le-lido.com\/#organization"},"potentialAction":[{"@type":"SearchAction","target":{"@type":"EntryPoint","urlTemplate":"https:\/\/www.le-lido.com\/?s={search_term_string}"},"query-input":"required name=search_term_string"}],"inLanguage":"en-US"},{"@type":"Organization","@id":"https:\/\/www.le-lido.com\/#organization","name":"Le Lido, h\u00f4tel et restaurant \u00e0 Propriano","url":"https:\/\/www.le-lido.com\/","logo":{"@type":"ImageObject","inLanguage":"en-US","@id":"https:\/\/www.le-lido.com\/#\/schema\/logo\/image\/","url":"https:\/\/www.le-lido.com\/wp-content\/uploads\/2022\/02\/Plan-de-travail-1-100.jpg","contentUrl":"https:\/\/www.le-lido.com\/wp-content\/uploads\/2022\/02\/Plan-de-travail-1-100.jpg","width":1500,"height":1500,"caption":"Le Lido, h\u00f4tel et restaurant \u00e0 Propriano"},"image":{"@id":"https:\/\/www.le-lido.com\/#\/schema\/logo\/image\/"}}]}},"_links":{"self":[{"href":"https:\/\/www.le-lido.com\/en\/wp-json\/wp\/v2\/pages\/109","targetHints":{"allow":["GET"]}}],"collection":[{"href":"https:\/\/www.le-lido.com\/en\/wp-json\/wp\/v2\/pages"}],"about":[{"href":"https:\/\/www.le-lido.com\/en\/wp-json\/wp\/v2\/types\/page"}],"author":[{"embeddable":true,"href":"https:\/\/www.le-lido.com\/en\/wp-json\/wp\/v2\/users\/1"}],"replies":[{"embeddable":true,"href":"https:\/\/www.le-lido.com\/en\/wp-json\/wp\/v2\/comments?post=109"}],"version-history":[{"count":2,"href":"https:\/\/www.le-lido.com\/en\/wp-json\/wp\/v2\/pages\/109\/revisions"}],"predecessor-version":[{"id":192,"href":"https:\/\/www.le-lido.com\/en\/wp-json\/wp\/v2\/pages\/109\/revisions\/192"}],"wp:attachment":[{"href":"https:\/\/www.le-lido.com\/en\/wp-json\/wp\/v2\/media?parent=109"}],"curies":[{"name":"wp","href":"https:\/\/api.w.org\/{rel}","templated":true}]}}